{"id":327,"date":"2020-12-17T13:09:50","date_gmt":"2020-12-17T12:09:50","guid":{"rendered":"https:\/\/lauredrevet-at.fr\/?page_id=327"},"modified":"2024-08-22T09:34:32","modified_gmt":"2024-08-22T07:34:32","slug":"a-propos-2","status":"publish","type":"page","link":"https:\/\/lauredrevet-at.fr\/?page_id=327","title":{"rendered":"A propos"},"content":{"rendered":"\n<div class=\"wp-block-cover alignwide is-position-center-center\" style=\"min-height:300px;aspect-ratio:unset;\"><span aria-hidden=\"true\" class=\"wp-block-cover__background has-background-dim-40 has-background-dim\" style=\"background-color:#663399\"><\/span><img loading=\"lazy\" decoding=\"async\" width=\"1800\" height=\"800\" class=\"wp-block-cover__image-background wp-image-259\" alt=\"\" src=\"https:\/\/lauredrevet-at.fr\/wp-content\/uploads\/2020\/12\/Page-Laure-DREVET-Art-therapeute-Danse.jpg\" style=\"object-position:52% 18%\" data-object-fit=\"cover\" data-object-position=\"52% 18%\" srcset=\"https:\/\/lauredrevet-at.fr\/wp-content\/uploads\/2020\/12\/Page-Laure-DREVET-Art-therapeute-Danse.jpg 1800w, https:\/\/lauredrevet-at.fr\/wp-content\/uploads\/2020\/12\/Page-Laure-DREVET-Art-therapeute-Danse-300x133.jpg 300w, https:\/\/lauredrevet-at.fr\/wp-content\/uploads\/2020\/12\/Page-Laure-DREVET-Art-therapeute-Danse-1024x455.jpg 1024w, https:\/\/lauredrevet-at.fr\/wp-content\/uploads\/2020\/12\/Page-Laure-DREVET-Art-therapeute-Danse-768x341.jpg 768w, https:\/\/lauredrevet-at.fr\/wp-content\/uploads\/2020\/12\/Page-Laure-DREVET-Art-therapeute-Danse-1536x683.jpg 1536w\" sizes=\"auto, (max-width: 1800px) 100vw, 1800px\" \/><div class=\"wp-block-cover__inner-container is-layout-flow wp-block-cover-is-layout-flow\">\n<h2 class=\"wp-block-heading alignwide has-text-align-center\">Laure Drevet, Art-th\u00e9rapeute<\/h2>\n<\/div><\/div>\n\n\n\n<h3 class=\"wp-block-heading\">Une pratique personnelle et professionnelle des Arts et de l\u2019accompagnement.<\/h3>\n\n\n\n<p>Avec un parcours d\u2019animatrice et b\u00e9n\u00e9vole dans des associations solidaires et culturelles, c\u2019est parce que je pense que les ressources existent en chaque \u00eatre humain que je tache de transmettre et de partager mes exp\u00e9riences artistiques au service de chaque individu.<br>Sur mon chemin de danseuse amatrice et cr\u00e9atrice, je me suis initi\u00e9e \u00e0 de nombreuses pratiques corporelles : danses (contemporain, jazz, danses africaines, hiphop, contact improvisation\u2026), arts martiaux et autres techniques\u2026<br>Dipl\u00f4m\u00e9e en Communication visuelle, j\u2019ai pr\u00e9c\u00e9demment travaill\u00e9 comme graphiste et accompagnatrice d\u2019entreprises. Puis j\u2019ai choisi de me r\u00e9orienter au service de la personne et de me former en Art-th\u00e9rapie moderne.<\/p>\n\n\n\n<h3 class=\"wp-block-heading\">Des formations et une posture professionnelle en Art-th\u00e9rapie.<\/h3>\n\n\n\n<p>Apr\u00e8s l\u2019obtention de la&nbsp;<strong>certification professionnelle d\u2019Art-th\u00e9rapeute<\/strong>&nbsp;(RNCP) par ma formation \u00e0&nbsp;<a rel=\"noreferrer noopener\" href=\"http:\/\/art-therapie-tours.net\/\" target=\"_blank\">l\u2019AFRATAPEM<\/a>, j\u2019int\u00e8gre et valide le&nbsp;<strong>Dipl\u00f4me Universitaire de la Facult\u00e9 de m\u00e9decine de Grenoble-Alpes<\/strong>. En tant qu\u2019Art-th\u00e9rapeute, j\u2019interviens dans les milieux de soin et d\u2019\u00e9ducation,&nbsp;<a href=\"https:\/\/lauredrevet-at.fr\/?p=67\">en institution<\/a>&nbsp;ou&nbsp;<a href=\"https:\/\/lauredrevet-at.fr\/?p=53\">en cabinet<\/a> \u00e0 proximit\u00e9 de la C\u00f4te saint Andr\u00e9, en Bi\u00e8vre Is\u00e8re.<br>Membre de la Guilde des Art-th\u00e9rapeute, je respecte son code de d\u00e9ontologie. En tant que th\u00e9rapeute, je dispose \u00e9galement d\u2019une supervision.<br>J\u2019effectue ponctuellement des interventions p\u00e9dagogiques et conf\u00e9rences au sujet de l\u2019Art-th\u00e9rapie moderne.<\/p>\n\n\n\n<p>Je propose \u00e9galement,<strong>&nbsp;en tant qu\u2019animatrice<\/strong>, des&nbsp;<a href=\"https:\/\/lauredrevet-at.fr\/?cat=38\">ateliers de m\u00e9diation artistique<\/a>&nbsp;au sein d\u2019associations ou dans des institutions (\u00e9coles, r\u00e9sidences autonomies\u2026).<\/p>\n\n\n\n<blockquote class=\"wp-block-quote is-style-default is-layout-flow wp-block-quote-is-layout-flow\">\n<p>Voil\u00e0 comment \u00e7a se passe. Je m&rsquo;arr\u00eate quelque part. Je m&rsquo;ordonne doucement : \u00ab\u00a0Regarde!\u00a0\u00bb \u00ab\u00a0Ecoute!\u00a0\u00bb \u00ab\u00a0Sens!\u00a0\u00bb \u00ab\u00a0Touche!\u00a0\u00bb Et si apr\u00e8s un moment je m&rsquo;exclame \u00ab\u00a0C&rsquo;est beau!\u00a0\u00bb &#8230; <\/p>\n<cite>Alexandre LACROIX \u00ab\u00a0Devant la beaut\u00e9 de la nature\u00a0\u00bb<\/cite><\/blockquote>\n","protected":false},"excerpt":{"rendered":"<p>Une pratique personnelle et professionnelle des Arts et de l\u2019accompagnement. Avec un parcours d\u2019animatrice et b\u00e9n\u00e9vole dans des associations solidaires&#8230;<\/p>\n","protected":false},"author":1,"featured_media":0,"parent":0,"menu_order":0,"comment_status":"closed","ping_status":"closed","template":"","meta":{"footnotes":""},"class_list":["post-327","page","type-page","status-publish","hentry"],"jetpack_sharing_enabled":true,"_links":{"self":[{"href":"https:\/\/lauredrevet-at.fr\/index.php?rest_route=\/wp\/v2\/pages\/327","targetHints":{"allow":["GET"]}}],"collection":[{"href":"https:\/\/lauredrevet-at.fr\/index.php?rest_route=\/wp\/v2\/pages"}],"about":[{"href":"https:\/\/lauredrevet-at.fr\/index.php?rest_route=\/wp\/v2\/types\/page"}],"author":[{"embeddable":true,"href":"https:\/\/lauredrevet-at.fr\/index.php?rest_route=\/wp\/v2\/users\/1"}],"replies":[{"embeddable":true,"href":"https:\/\/lauredrevet-at.fr\/index.php?rest_route=%2Fwp%2Fv2%2Fcomments&post=327"}],"version-history":[{"count":19,"href":"https:\/\/lauredrevet-at.fr\/index.php?rest_route=\/wp\/v2\/pages\/327\/revisions"}],"predecessor-version":[{"id":1010,"href":"https:\/\/lauredrevet-at.fr\/index.php?rest_route=\/wp\/v2\/pages\/327\/revisions\/1010"}],"wp:attachment":[{"href":"https:\/\/lauredrevet-at.fr\/index.php?rest_route=%2Fwp%2Fv2%2Fmedia&parent=327"}],"curies":[{"name":"wp","href":"https:\/\/api.w.org\/{rel}","templated":true}]}}