{"id":354,"date":"2020-12-17T13:43:46","date_gmt":"2020-12-17T12:43:46","guid":{"rendered":"https:\/\/lauredrevet-at.fr\/?page_id=354"},"modified":"2020-12-17T13:49:14","modified_gmt":"2020-12-17T12:49:14","slug":"les-articles","status":"publish","type":"page","link":"https:\/\/lauredrevet-at.fr\/?page_id=354","title":{"rendered":"Articles&#8230;"},"content":{"rendered":"\n<div class=\"wp-block-columns is-layout-flex wp-container-core-columns-is-layout-9d6595d7 wp-block-columns-is-layout-flex\">\n<div class=\"wp-block-column is-layout-flow wp-block-column-is-layout-flow\" style=\"flex-basis:100%\"><ul class=\"wp-block-latest-posts__list wp-block-latest-posts\"><li><div class=\"wp-block-latest-posts__featured-image alignleft\"><a href=\"https:\/\/lauredrevet-at.fr\/?p=173\" aria-label=\"Les ateliers Din-Ba : parent-enfant.\"><img loading=\"lazy\" decoding=\"async\" width=\"150\" height=\"150\" src=\"https:\/\/lauredrevet-at.fr\/wp-content\/uploads\/2020\/12\/Article-DinBa-relation-parent-enfant-danse-communication-bien-e\u0302tre-animation-Bie\u0300vre-Champier-38260-150x150.jpg\" class=\"attachment-thumbnail size-thumbnail wp-post-image\" alt=\"Relation parent-enfant\" style=\"\" \/><\/a><\/div><a class=\"wp-block-latest-posts__post-title\" href=\"https:\/\/lauredrevet-at.fr\/?p=173\">Les ateliers Din-Ba : parent-enfant.<\/a><div class=\"wp-block-latest-posts__post-excerpt\">Des ateliers propos\u00e9s depuis 2015 au sein de diff\u00e9rentes associations et structures. Dans ces ateliers, il s&rsquo;agit d&rsquo;\u00eatre avec Soi et l&rsquo;Autre&#8230; faire une activit\u00e9 physique parfois douce, parfois rythm\u00e9e&#8230; jouer ensemble, guid\u00e9s ou libres, et se laisser porter tour \u00e0 tour&#8230; Selon le cadre et la demande (favoriser l&rsquo;interg\u00e9n\u00e9rationnel, d\u00e9velopper les capacit\u00e9s, nourrir la&#8230;<\/div><\/li>\n<li><div class=\"wp-block-latest-posts__featured-image alignleft\"><a href=\"https:\/\/lauredrevet-at.fr\/?p=169\" aria-label=\"Les ateliers \u00ab\u00a0Danse, bien-\u00eatre et relation\u00a0\u00bb\"><img loading=\"lazy\" decoding=\"async\" width=\"150\" height=\"150\" src=\"https:\/\/lauredrevet-at.fr\/wp-content\/uploads\/2020\/12\/Article-CorpsEnMouvement-Champier-Animation-Bien-Etre-Expression-Relation-Confiance-en-Soi-re\u0301pit-therapeute-Image-de-Soi-Oncologie-Cancer-Corps-Danse-neurophysiologie-150x150.jpg\" class=\"attachment-thumbnail size-thumbnail wp-post-image\" alt=\"Expression, communication, relation Corps en mouvement Adultes\" style=\"\" \/><\/a><\/div><a class=\"wp-block-latest-posts__post-title\" href=\"https:\/\/lauredrevet-at.fr\/?p=169\">Les ateliers \u00ab\u00a0Danse, bien-\u00eatre et relation\u00a0\u00bb<\/a><div class=\"wp-block-latest-posts__post-excerpt\">Animation le samedi matin, une fois par mois, en Bi\u00e8vre Is\u00e8re (Gillonnay \/ La C\u00f4te St Andr\u00e9) Cet atelier de 2h permet un temps pour se retrouver, en soi et avec les autre. Un travail sur la proprioception (\u00ab\u00a0\u00e9coute du corps\u00a0\u00bb) dans des mouvements guid\u00e9s puis plus libres. J&rsquo;y propose \u00e9galement des exp\u00e9riences autour du&#8230;<\/div><\/li>\n<li><div class=\"wp-block-latest-posts__featured-image alignleft\"><a href=\"https:\/\/lauredrevet-at.fr\/?p=87\" aria-label=\"Soin de support en phase palliative, l&rsquo;art-th\u00e9rapie valorise la qualit\u00e9 de vie\"><img loading=\"lazy\" decoding=\"async\" width=\"150\" height=\"150\" src=\"https:\/\/lauredrevet-at.fr\/wp-content\/uploads\/2020\/12\/Article-croquis-musique-dessin-therapie-douleur-aide-soutien-de\u0301pression-confiance-art-therapeute-Pays-Voironnais-Therapie-150x150.jpg\" class=\"attachment-thumbnail size-thumbnail wp-post-image\" alt=\"Art-th\u00e9rapie et Soins Palliatifs\" style=\"\" \/><\/a><\/div><a class=\"wp-block-latest-posts__post-title\" href=\"https:\/\/lauredrevet-at.fr\/?p=87\">Soin de support en phase palliative, l&rsquo;art-th\u00e9rapie valorise la qualit\u00e9 de vie<\/a><div class=\"wp-block-latest-posts__post-excerpt\">Exp\u00e9riences et articles en Art-th\u00e9rapie&nbsp;: Dans le cadre de ma formation, j&rsquo;ai r\u00e9alis\u00e9 des prise en soin en Art-th\u00e9rapie de personnes hospitalis\u00e9es \u00e0 l&rsquo;Unit\u00e9 de Soins Palliatifs du CHU Grenoble Alpes. En collaboration avec l&rsquo;\u00e9quipe soignante, un projet de recherche a \u00e9t\u00e9 men\u00e9 avec l&rsquo;objectif d&rsquo;am\u00e9liorer la qualit\u00e9 de vie des patients. Il a s&rsquo;agit&#8230;<\/div><\/li>\n<li><div class=\"wp-block-latest-posts__featured-image alignleft\"><a href=\"https:\/\/lauredrevet-at.fr\/?p=71\" aria-label=\"Art-th\u00e9rapie et maladie d&rsquo;Alzheimer\"><img loading=\"lazy\" decoding=\"async\" width=\"150\" height=\"150\" src=\"https:\/\/lauredrevet-at.fr\/wp-content\/uploads\/2020\/12\/Article-Personnes-Agees-Art-therapie-Voiron-Voreppe-Bie\u0300vre_Ise\u0300re-38-Personnse-Age\u0301es-EHPAD-De\u0301mence-Alzheimer-photographie-relation-Aidant-Aide\u0301-Expression-Repit-soin-Bien-e\u0302tre-activite-150x150.jpg\" class=\"attachment-thumbnail size-thumbnail wp-post-image\" alt=\"Art et D\u00e9mence d&#039;Alzheimer\" style=\"\" \/><\/a><\/div><a class=\"wp-block-latest-posts__post-title\" href=\"https:\/\/lauredrevet-at.fr\/?p=71\">Art-th\u00e9rapie et maladie d&rsquo;Alzheimer<\/a><div class=\"wp-block-latest-posts__post-excerpt\">Exp\u00e9riences et articles en Art-th\u00e9rapie&nbsp;: L&rsquo;Art-th\u00e9rapie pour diminuer les sympt\u00f4mes psycho-comportementaux de la d\u00e9mence de Type Alzheimer. La prise en soin en Art-th\u00e9rapie de personnes souffrant de D\u00e9mence de Type Alzheimer au sein des EHPAD, et m\u00eame avant l&rsquo;institutionnalisation, correspond aux recommandation des bonnes pratique de l&rsquo;ARS, Notre exp\u00e9rience clinique au sein d&rsquo;EHPAD du Secteur&#8230;<\/div><\/li>\n<li><div class=\"wp-block-latest-posts__featured-image alignleft\"><a href=\"https:\/\/lauredrevet-at.fr\/?p=79\" aria-label=\"Interventions en formations et conf\u00e9rences\"><img loading=\"lazy\" decoding=\"async\" width=\"150\" height=\"150\" src=\"https:\/\/lauredrevet-at.fr\/wp-content\/uploads\/2020\/12\/fond-avec-logo-Laure-DREVET-Art-therapeute-150x150.gif\" class=\"attachment-thumbnail size-thumbnail wp-post-image\" alt=\"\" style=\"\" \/><\/a><\/div><a class=\"wp-block-latest-posts__post-title\" href=\"https:\/\/lauredrevet-at.fr\/?p=79\">Interventions en formations et conf\u00e9rences<\/a><div class=\"wp-block-latest-posts__post-excerpt\">J&rsquo;interviens ponctuellement dans les formations en Art-th\u00e9rapie moderne, au sein de l&rsquo;AFRATAPEM et participe \u00e9galement \u00e0 des r\u00e9unions d&rsquo;information et conf\u00e9rences dont voici quelques exemples : \u00ab\u00a0Pr\u00e9sentation clinique de prise en soin\u00a0\u00bb lors de la conf\u00e9rence \u00ab\u00a0Place de l&rsquo;art-th\u00e9rapie moderne au sein des th\u00e9rapies compl\u00e9mentaires face aux maladies chroniques\u00ab\u00a0, d\u00e9c. 2019 \u00e0 la Facult\u00e9 de&#8230;<\/div><\/li>\n<li><div class=\"wp-block-latest-posts__featured-image alignleft\"><a href=\"https:\/\/lauredrevet-at.fr\/?p=67\" aria-label=\"L&rsquo;Art-th\u00e9rapie dans votre institution &#8211; Is\u00e8re.\"><img loading=\"lazy\" decoding=\"async\" width=\"150\" height=\"150\" src=\"https:\/\/lauredrevet-at.fr\/wp-content\/uploads\/2020\/12\/Article-En-Institutions-Art-the\u0301rapeute-Bievre-Voiron-Nord-Isere-150x150.jpg\" class=\"attachment-thumbnail size-thumbnail wp-post-image\" alt=\"\" style=\"\" \/><\/a><\/div><a class=\"wp-block-latest-posts__post-title\" href=\"https:\/\/lauredrevet-at.fr\/?p=67\">L&rsquo;Art-th\u00e9rapie dans votre institution &#8211; Is\u00e8re.<\/a><div class=\"wp-block-latest-posts__post-excerpt\">Vous \u00eates une structure m\u00e9dicale, m\u00e9dico-sociale, \u00e9ducative&nbsp;? Un EHPAD, un Centre Hospitalier, une collectivit\u00e9, une association&#8230; &nbsp;? Vous souhaitez apporter un accompagnement compl\u00e9mentaire \u00e0 la prise en charge de votre public&nbsp;? La pratique Art-th\u00e9rapeutique peut se faire au sein m\u00eame de votre institution et en lien avec vos \u00e9quipes. Ces interventions sont possibles sur les&#8230;<\/div><\/li>\n<li><div class=\"wp-block-latest-posts__featured-image alignleft\"><a href=\"https:\/\/lauredrevet-at.fr\/?p=63\" aria-label=\"L&rsquo;Art-th\u00e9rapie aupr\u00e8s de personnes \u00e2g\u00e9es\"><img loading=\"lazy\" decoding=\"async\" width=\"150\" height=\"150\" src=\"https:\/\/lauredrevet-at.fr\/wp-content\/uploads\/2020\/12\/Article-Papillon-Art-Personnes-Agees-Art-the\u0301rapie-Demence-Anxiee-Beau-Fierte-Autonomie-150x150.jpg\" class=\"attachment-thumbnail size-thumbnail wp-post-image\" alt=\"\" style=\"\" \/><\/a><\/div><a class=\"wp-block-latest-posts__post-title\" href=\"https:\/\/lauredrevet-at.fr\/?p=63\">L&rsquo;Art-th\u00e9rapie aupr\u00e8s de personnes \u00e2g\u00e9es<\/a><div class=\"wp-block-latest-posts__post-excerpt\">Intervention en EHPAD, ou \u00e0 domicile, pour des prises en soin individuelles ou collectives&#8230; L&rsquo;Art-th\u00e9rapie commence maintenant \u00e0 bien se faire conna\u00eetre dans les milieux hospitaliers et notamment aupr\u00e8s des personnes \u00e2g\u00e9es, dans les EHPAD&#8230;Accompagnement param\u00e9dical, l&rsquo;Art-th\u00e9rapie peut-\u00eatre employ\u00e9e pour diminuer l&rsquo;anxi\u00e9t\u00e9, le mal-\u00eatre, la douleur, retrouver le sentiment d&rsquo;appartenance, ou recr\u00e9er du lien social.Dans&#8230;<\/div><\/li>\n<\/ul><\/div>\n<\/div>\n","protected":false},"excerpt":{"rendered":"","protected":false},"author":1,"featured_media":0,"parent":0,"menu_order":0,"comment_status":"closed","ping_status":"closed","template":"","meta":{"footnotes":""},"class_list":["post-354","page","type-page","status-publish","hentry"],"jetpack_sharing_enabled":true,"_links":{"self":[{"href":"https:\/\/lauredrevet-at.fr\/index.php?rest_route=\/wp\/v2\/pages\/354","targetHints":{"allow":["GET"]}}],"collection":[{"href":"https:\/\/lauredrevet-at.fr\/index.php?rest_route=\/wp\/v2\/pages"}],"about":[{"href":"https:\/\/lauredrevet-at.fr\/index.php?rest_route=\/wp\/v2\/types\/page"}],"author":[{"embeddable":true,"href":"https:\/\/lauredrevet-at.fr\/index.php?rest_route=\/wp\/v2\/users\/1"}],"replies":[{"embeddable":true,"href":"https:\/\/lauredrevet-at.fr\/index.php?rest_route=%2Fwp%2Fv2%2Fcomments&post=354"}],"version-history":[{"count":9,"href":"https:\/\/lauredrevet-at.fr\/index.php?rest_route=\/wp\/v2\/pages\/354\/revisions"}],"predecessor-version":[{"id":365,"href":"https:\/\/lauredrevet-at.fr\/index.php?rest_route=\/wp\/v2\/pages\/354\/revisions\/365"}],"wp:attachment":[{"href":"https:\/\/lauredrevet-at.fr\/index.php?rest_route=%2Fwp%2Fv2%2Fmedia&parent=354"}],"curies":[{"name":"wp","href":"https:\/\/api.w.org\/{rel}","templated":true}]}}