{"id":98,"date":"2020-11-26T13:22:28","date_gmt":"2020-11-26T12:22:28","guid":{"rendered":"https:\/\/lauredrevet-at.fr\/?page_id=98"},"modified":"2024-08-22T09:33:24","modified_gmt":"2024-08-22T07:33:24","slug":"laure-drevet-art-therapeute","status":"publish","type":"page","link":"https:\/\/lauredrevet-at.fr\/","title":{"rendered":"Art-th\u00e9rapie en lib\u00e9ral et en institution sur le secteur de la Bi\u00e8vre et du Pays voironnais."},"content":{"rendered":"\n<div class=\"wp-block-group\"><div class=\"wp-block-group__inner-container is-layout-flow wp-block-group-is-layout-flow\">\n<hr class=\"wp-block-separator has-css-opacity is-style-dots\"\/>\n\n\n\n<div class=\"wp-block-jetpack-slideshow aligncenter\" data-autoplay=\"true\" data-delay=\"3\" data-effect=\"slide\"><div class=\"wp-block-jetpack-slideshow_container swiper-container\"><ul class=\"wp-block-jetpack-slideshow_swiper-wrapper swiper-wrapper\"><li class=\"wp-block-jetpack-slideshow_slide swiper-slide\"><figure><img loading=\"lazy\" decoding=\"async\" width=\"1024\" height=\"768\" alt=\"\" class=\"wp-block-jetpack-slideshow_image wp-image-272\" data-id=\"272\" src=\"https:\/\/lauredrevet-at.fr\/wp-content\/uploads\/2020\/12\/Accueil-Galerie-Art-peinture-dessin-douleur-de\u0301pression-confiance-enSoi-Estime-Relation-Expression-art-therapeute-Pays-Voironnais-Therapie-1024x768.jpg\" srcset=\"https:\/\/lauredrevet-at.fr\/wp-content\/uploads\/2020\/12\/Accueil-Galerie-Art-peinture-dessin-douleur-de\u0301pression-confiance-enSoi-Estime-Relation-Expression-art-therapeute-Pays-Voironnais-Therapie-1024x768.jpg 1024w, https:\/\/lauredrevet-at.fr\/wp-content\/uploads\/2020\/12\/Accueil-Galerie-Art-peinture-dessin-douleur-de\u0301pression-confiance-enSoi-Estime-Relation-Expression-art-therapeute-Pays-Voironnais-Therapie-300x225.jpg 300w, https:\/\/lauredrevet-at.fr\/wp-content\/uploads\/2020\/12\/Accueil-Galerie-Art-peinture-dessin-douleur-de\u0301pression-confiance-enSoi-Estime-Relation-Expression-art-therapeute-Pays-Voironnais-Therapie-768x576.jpg 768w, https:\/\/lauredrevet-at.fr\/wp-content\/uploads\/2020\/12\/Accueil-Galerie-Art-peinture-dessin-douleur-de\u0301pression-confiance-enSoi-Estime-Relation-Expression-art-therapeute-Pays-Voironnais-Therapie-1536x1152.jpg 1536w, https:\/\/lauredrevet-at.fr\/wp-content\/uploads\/2020\/12\/Accueil-Galerie-Art-peinture-dessin-douleur-de\u0301pression-confiance-enSoi-Estime-Relation-Expression-art-therapeute-Pays-Voironnais-Therapie-800x600.jpg 800w, https:\/\/lauredrevet-at.fr\/wp-content\/uploads\/2020\/12\/Accueil-Galerie-Art-peinture-dessin-douleur-de\u0301pression-confiance-enSoi-Estime-Relation-Expression-art-therapeute-Pays-Voironnais-Therapie-1200x900.jpg 1200w, https:\/\/lauredrevet-at.fr\/wp-content\/uploads\/2020\/12\/Accueil-Galerie-Art-peinture-dessin-douleur-de\u0301pression-confiance-enSoi-Estime-Relation-Expression-art-therapeute-Pays-Voironnais-Therapie.jpg 1800w\" sizes=\"(max-width: 1024px) 100vw, 1024px\" \/><figcaption class=\"wp-block-jetpack-slideshow_caption gallery-caption\">Arts graphiques, arts corporels&#8230; des activit\u00e9s adapt\u00e9es.<\/figcaption><\/figure><\/li><li class=\"wp-block-jetpack-slideshow_slide swiper-slide\"><figure><img loading=\"lazy\" decoding=\"async\" width=\"1024\" height=\"768\" alt=\"\" class=\"wp-block-jetpack-slideshow_image wp-image-273\" data-id=\"273\" src=\"https:\/\/lauredrevet-at.fr\/wp-content\/uploads\/2020\/12\/Accueil-Galerie-relation-parent-enfant-danse-corps-aide-soutien-animation-communication-bien-e\u0302tre-art-the\u0301rapie-38260-Bie\u0300vre-Ise\u0300re-Voiron-1024x768.jpg\" srcset=\"https:\/\/lauredrevet-at.fr\/wp-content\/uploads\/2020\/12\/Accueil-Galerie-relation-parent-enfant-danse-corps-aide-soutien-animation-communication-bien-e\u0302tre-art-the\u0301rapie-38260-Bie\u0300vre-Ise\u0300re-Voiron-1024x768.jpg 1024w, https:\/\/lauredrevet-at.fr\/wp-content\/uploads\/2020\/12\/Accueil-Galerie-relation-parent-enfant-danse-corps-aide-soutien-animation-communication-bien-e\u0302tre-art-the\u0301rapie-38260-Bie\u0300vre-Ise\u0300re-Voiron-300x225.jpg 300w, https:\/\/lauredrevet-at.fr\/wp-content\/uploads\/2020\/12\/Accueil-Galerie-relation-parent-enfant-danse-corps-aide-soutien-animation-communication-bien-e\u0302tre-art-the\u0301rapie-38260-Bie\u0300vre-Ise\u0300re-Voiron-768x576.jpg 768w, https:\/\/lauredrevet-at.fr\/wp-content\/uploads\/2020\/12\/Accueil-Galerie-relation-parent-enfant-danse-corps-aide-soutien-animation-communication-bien-e\u0302tre-art-the\u0301rapie-38260-Bie\u0300vre-Ise\u0300re-Voiron-1536x1152.jpg 1536w, https:\/\/lauredrevet-at.fr\/wp-content\/uploads\/2020\/12\/Accueil-Galerie-relation-parent-enfant-danse-corps-aide-soutien-animation-communication-bien-e\u0302tre-art-the\u0301rapie-38260-Bie\u0300vre-Ise\u0300re-Voiron-800x600.jpg 800w, https:\/\/lauredrevet-at.fr\/wp-content\/uploads\/2020\/12\/Accueil-Galerie-relation-parent-enfant-danse-corps-aide-soutien-animation-communication-bien-e\u0302tre-art-the\u0301rapie-38260-Bie\u0300vre-Ise\u0300re-Voiron-1200x900.jpg 1200w, https:\/\/lauredrevet-at.fr\/wp-content\/uploads\/2020\/12\/Accueil-Galerie-relation-parent-enfant-danse-corps-aide-soutien-animation-communication-bien-e\u0302tre-art-the\u0301rapie-38260-Bie\u0300vre-Ise\u0300re-Voiron.jpg 1800w\" sizes=\"(max-width: 1024px) 100vw, 1024px\" \/><figcaption class=\"wp-block-jetpack-slideshow_caption gallery-caption\">D\u00e9passer des difficult\u00e9s d&rsquo;expression, de communication ou de relation.<\/figcaption><\/figure><\/li><li class=\"wp-block-jetpack-slideshow_slide swiper-slide\"><figure><img loading=\"lazy\" decoding=\"async\" width=\"1024\" height=\"768\" alt=\"\" class=\"wp-block-jetpack-slideshow_image wp-image-274\" data-id=\"274\" src=\"https:\/\/lauredrevet-at.fr\/wp-content\/uploads\/2020\/12\/crayons-couleurs-1024x768.jpg\" srcset=\"https:\/\/lauredrevet-at.fr\/wp-content\/uploads\/2020\/12\/crayons-couleurs-1024x768.jpg 1024w, https:\/\/lauredrevet-at.fr\/wp-content\/uploads\/2020\/12\/crayons-couleurs-300x225.jpg 300w, https:\/\/lauredrevet-at.fr\/wp-content\/uploads\/2020\/12\/crayons-couleurs-768x576.jpg 768w, https:\/\/lauredrevet-at.fr\/wp-content\/uploads\/2020\/12\/crayons-couleurs-1536x1152.jpg 1536w, https:\/\/lauredrevet-at.fr\/wp-content\/uploads\/2020\/12\/crayons-couleurs-800x600.jpg 800w, https:\/\/lauredrevet-at.fr\/wp-content\/uploads\/2020\/12\/crayons-couleurs-1200x900.jpg 1200w, https:\/\/lauredrevet-at.fr\/wp-content\/uploads\/2020\/12\/crayons-couleurs.jpg 1800w\" sizes=\"(max-width: 1024px) 100vw, 1024px\" \/><figcaption class=\"wp-block-jetpack-slideshow_caption gallery-caption\">Un accompagnement th\u00e9rapeutique param\u00e9dical<\/figcaption><\/figure><\/li><\/ul><a class=\"wp-block-jetpack-slideshow_button-prev swiper-button-prev swiper-button-white\" role=\"button\"><\/a><a class=\"wp-block-jetpack-slideshow_button-next swiper-button-next swiper-button-white\" role=\"button\"><\/a><a aria-label=\"Pause Slideshow\" class=\"wp-block-jetpack-slideshow_button-pause\" role=\"button\"><\/a><div class=\"wp-block-jetpack-slideshow_pagination swiper-pagination swiper-pagination-white\"><\/div><\/div><\/div>\n<\/div><\/div>\n\n\n\n<p>Art-th\u00e9rapeute form\u00e9e et dipl\u00f4m\u00e9e en Art-th\u00e9rapie moderne, j&rsquo;accompagne des personnes au sein d&rsquo;institutions m\u00e9dico-sociales, d&rsquo;associations ou en lib\u00e9ral. J&rsquo;interviens sur le secteur de la Bi\u00e8vre et du Pays voironnais. Pour les autres secteurs en Is\u00e8re, j&rsquo;interviens ou je relaie les demandes \u00e0 des art-th\u00e9rapeutes du secteurs. <br>Utilisant diff\u00e9rentes techniques artistiques (arts corporels, arts graphiques, plastique, \u00e9coute musicale&#8230;), les s\u00e9ances d&rsquo;art-th\u00e9rapie ont pour objectif de vous accompagner \u00e0 d\u00e9passer une souffrance ou une difficult\u00e9 li\u00e9e \u00e0 une maladie, un handicap, ou un moment de vie particulier. <\/p>\n\n\n\n<blockquote class=\"wp-block-quote is-style-default is-layout-flow wp-block-quote-is-layout-flow\">\n<p>La beaut\u00e9 est dans les yeux de celui qui regarde. <\/p>\n<cite>O. Wilde.<\/cite><\/blockquote>\n","protected":false},"excerpt":{"rendered":"<p>Art-th\u00e9rapeute form\u00e9e et dipl\u00f4m\u00e9e en Art-th\u00e9rapie moderne, j&rsquo;accompagne des personnes au sein d&rsquo;institutions m\u00e9dico-sociales, d&rsquo;associations ou en lib\u00e9ral. J&rsquo;interviens sur&#8230;<\/p>\n","protected":false},"author":1,"featured_media":0,"parent":0,"menu_order":0,"comment_status":"closed","ping_status":"closed","template":"","meta":{"footnotes":""},"class_list":["post-98","page","type-page","status-publish","hentry"],"jetpack_sharing_enabled":true,"_links":{"self":[{"href":"https:\/\/lauredrevet-at.fr\/index.php?rest_route=\/wp\/v2\/pages\/98","targetHints":{"allow":["GET"]}}],"collection":[{"href":"https:\/\/lauredrevet-at.fr\/index.php?rest_route=\/wp\/v2\/pages"}],"about":[{"href":"https:\/\/lauredrevet-at.fr\/index.php?rest_route=\/wp\/v2\/types\/page"}],"author":[{"embeddable":true,"href":"https:\/\/lauredrevet-at.fr\/index.php?rest_route=\/wp\/v2\/users\/1"}],"replies":[{"embeddable":true,"href":"https:\/\/lauredrevet-at.fr\/index.php?rest_route=%2Fwp%2Fv2%2Fcomments&post=98"}],"version-history":[{"count":41,"href":"https:\/\/lauredrevet-at.fr\/index.php?rest_route=\/wp\/v2\/pages\/98\/revisions"}],"predecessor-version":[{"id":1144,"href":"https:\/\/lauredrevet-at.fr\/index.php?rest_route=\/wp\/v2\/pages\/98\/revisions\/1144"}],"wp:attachment":[{"href":"https:\/\/lauredrevet-at.fr\/index.php?rest_route=%2Fwp%2Fv2%2Fmedia&parent=98"}],"curies":[{"name":"wp","href":"https:\/\/api.w.org\/{rel}","templated":true}]}}